{"id":1022,"date":"2017-07-19T12:34:24","date_gmt":"2017-07-19T15:34:24","guid":{"rendered":"http:\/\/localhost\/wordpress\/?page_id=1022"},"modified":"2017-09-14T11:25:41","modified_gmt":"2017-09-14T14:25:41","slug":"quem-somos","status":"publish","type":"page","link":"https:\/\/www.digitalmidiastudio.com.br\/site\/quem-somos\/","title":{"rendered":"Quem Somos"},"content":{"rendered":"<p>[vc_row][vc_column]<div id=\"ultimate-heading-132269e05bb8a37ce\" class=\"uvc-heading ult-adjust-bottom-margin ultimate-heading-132269e05bb8a37ce uvc-6878 \" data-hspacer=\"no_spacer\"  data-halign=\"center\" style=\"text-align:center\"><div class=\"uvc-heading-spacer no_spacer\" style=\"top\"><\/div><div class=\"uvc-main-heading ult-responsive\"  data-ultimate-target='.uvc-heading.ultimate-heading-132269e05bb8a37ce h2'  data-responsive-json-new='{\"font-size\":\"\",\"line-height\":\"\"}' ><h2 style=\"font-weight:normal;\">Somos movidos pelo desafio de realizar o sonho das pessoas e surpreend\u00ea-las com lembran\u00e7as de momentos \u00fanicos e inesquec\u00edveis. <\/h2><\/div><\/div>[vc_empty_space height=&#8221;42px&#8221;][\/vc_column][\/vc_row][vc_row][vc_column width=&#8221;2\/3&#8243;][vc_column_text]A <strong>Digital M\u00eddia Studio\u00ae<\/strong>, uma empresa cujos fundadores na \u00e9poca iniciaram suas atividades no ramo de eventos em 1977, em Jundia\u00ed (SP), passou por total restrutura\u00e7\u00e3o da marca em 2005, sendo carinhosamente conhecida como \u201cDigital\u201d. Atualmente possui estrutura s\u00f3lida, \u00e9 reconhecida inclusive em todo territ\u00f3rio nacional, j\u00e1 tendo atendido in\u00fameros clientes em diversos Estados e at\u00e9 fora do Pa\u00eds. Por esse reconhecimento e experi\u00eancia, tem a capacidade de impulsionar o desejo de seus clientes, oferecendo servi\u00e7os que s\u00e3o a maior express\u00e3o da sua ess\u00eancia. Para isso, trabalha com responsabilidade, \u00e9tica, comprometimento, idoneidade, respeito, seriedade e, acima de tudo, qualidade e excel\u00eancia no atendimento.<\/p>\n<p>A miss\u00e3o da empresa \u00e9 dividir aquilo que acredita ser exc\u00eantrico, exclusivo e personalizado ao prop\u00f3sito de cada cliente. Mobiliza uma rede completa de profissionais especializados em atender pessoas de todo o Brasil, com servi\u00e7os que agregam alta performance tecnol\u00f3gica no mercado em que atua.<\/p>\n<p>Inova\u00e7\u00e3o, experi\u00eancia e conhecimento t\u00e9cnico s\u00e3o marcas registradas da <strong>Digital M\u00eddia Studio\u00ae<\/strong>. Sua presen\u00e7a no segmento da fotografia, filmagem, loca\u00e7\u00e3o de ve\u00edculos e cabines fotogr\u00e1ficas, al\u00e9m de uma vasta gama de produtos para eventos c\u00e9lebres, est\u00e1 atrelada \u00e0s novidades do ramo e ao grau de exig\u00eancia de seus clientes, atendidos com carinho e dedica\u00e7\u00e3o para que todos os detalhes sejam refletidos fielmente no trabalho que a empresa executa. Dessa forma, provocar o encantamento \u00e9 uma de suas metas.<\/p>\n<p>Ao longo de sua bem-sucedida hist\u00f3ria, a <strong>Digital M\u00eddia Studio\u00ae<\/strong> ainda empreendeu marcas como o <em>\u00c1lbum Digital\u00ae<\/em>, <em>Carros para Eventos\u00ae<\/em>, <em>Cabine Fotogr\u00e1fica\u00ae<\/em> e <em>Foto-Lembran\u00e7a Instant\u00e2nea\u00ae<\/em>, resultando em milhares de clientes satisfeitos, emocionados e impressionados com o sonho traduzido em obras de grande valor, cuidadosamente elaboradas por sua competente equipe de profissionais.<\/p>\n<p>Al\u00e9m de promover Eventos Sociais (<strong>CASAMENTOS<\/strong>, <strong>Festas de 15 ANOS<\/strong>, <strong>BODAS<\/strong> e <strong>INFANTIS<\/strong>, entre outros) e <strong>CORPORATIVOS<\/strong> (Confraterniza\u00e7\u00f5es, A\u00e7\u00f5es Promocionais, Palestras, Treinamentos, Inaugura\u00e7\u00f5es), os servi\u00e7os que oferece prezam pelo bem-estar e conforto dos seus clientes, que contam com todo o suporte necess\u00e1rio, desde a venda ao p\u00f3s-evento.<\/p>\n<p>Afinal, a <strong>Digital M\u00eddia Studio\u00ae<\/strong> tem o know-how de prover emo\u00e7\u00e3o e despertar sentimentos capazes de abrilhantar a vida das pessoas, deixando-as admiradas com o trabalho de excel\u00eancia desenvolvido pela empresa, fomentado pela confiabilidade que sua marca imprime em toda a regi\u00e3o.<\/p>\n<blockquote>\n<h3><strong>Concretizar o seu sonho \u00e9 tamb\u00e9m realizar o nosso!<\/strong><\/h3>\n<\/blockquote>\n<p>[\/vc_column_text][\/vc_column][vc_column width=&#8221;1\/3&#8243;][vc_single_image image=&#8221;20&#8243; img_size=&#8221;full&#8221; alignment=&#8221;center&#8221;][vc_empty_space][vc_text_separator title=&#8221;NOSSOS SERVI\u00c7OS&#8221; css_animation=&#8221;bounceInDown&#8221;][vc_empty_space height=&#8221;22px&#8221;]<div class=\"smile_icon_list_wrap ult-adjust-bottom-margin  \"><ul class=\"smile_icon_list left circle with_bg\"><li class=\"icon_list_item\" style=\" font-size:60px;\"><div class=\"icon_list_icon\" data-animation=\"\" data-animation-delay=\"03\" style=\"font-size:20px;border-width:1px;border-style:none;background:#eaeaea;color:#0083c7;border-color:#333333;\"><i class=\"Defaults-heart\" ><\/i><\/div><div class=\"icon_description\" id=\"Info-list-wrap-9115\" style=\"font-size:20px;\"><h3 class=\"ult-responsive\"  data-ultimate-target='#Info-list-wrap-9115 h3'  data-responsive-json-new='{\"font-size\":\"desktop:16px;\",\"line-height\":\"desktop:24px;\"}'  style=\"\">CASAMENTOS<\/h3><div class=\"icon_description_text ult-responsive\"  data-ultimate-target='#Info-list-wrap-9115 .icon_description_text'  data-responsive-json-new='{\"font-size\":\"desktop:13px;\",\"line-height\":\"desktop:18px;\"}'  style=\"\"><\/div><\/div><div class=\"icon_list_connector\" data-animation=\"fadeInUp\" data-animation-delay=\"03\" style=\"border-color:#0083c7;\"><\/div><a href=\"http:\/\/www.digitalmidiastudio.com.br\/site\/casamentos\/\" class=\"ulimate-info-list-link\"   ><\/a><\/li><li class=\"icon_list_item\" style=\" font-size:60px;\"><div class=\"icon_list_icon\" data-animation=\"\" data-animation-delay=\"03\" style=\"font-size:20px;border-width:1px;border-style:none;background:#eaeaea;color:#0083c7;border-color:#333333;\"><i class=\"Defaults-birthday-cake\" ><\/i><\/div><div class=\"icon_description\" id=\"Info-list-wrap-6830\" style=\"font-size:20px;\"><h3 class=\"ult-responsive\"  data-ultimate-target='#Info-list-wrap-6830 h3'  data-responsive-json-new='{\"font-size\":\"desktop:16px;\",\"line-height\":\"desktop:24px;\"}'  style=\"\">15 ANOS<\/h3><div class=\"icon_description_text ult-responsive\"  data-ultimate-target='#Info-list-wrap-6830 .icon_description_text'  data-responsive-json-new='{\"font-size\":\"desktop:13px;\",\"line-height\":\"desktop:18px;\"}'  style=\"\"><\/div><\/div><div class=\"icon_list_connector\" data-animation=\"fadeInUp\" data-animation-delay=\"03\" style=\"border-color:#0083c7;\"><\/div><a href=\"http:\/\/www.digitalmidiastudio.com.br\/site\/15-anos\/\" class=\"ulimate-info-list-link\"   ><\/a><\/li><li class=\"icon_list_item\" style=\" font-size:60px;\"><div class=\"icon_list_icon\" data-animation=\"\" data-animation-delay=\"03\" style=\"font-size:20px;border-width:1px;border-style:none;background:#eaeaea;color:#0083c7;border-color:#333333;\"><i class=\"Defaults-gift\" ><\/i><\/div><div class=\"icon_description\" id=\"Info-list-wrap-4943\" style=\"font-size:20px;\"><h3 class=\"ult-responsive\"  data-ultimate-target='#Info-list-wrap-4943 h3'  data-responsive-json-new='{\"font-size\":\"desktop:16px;\",\"line-height\":\"desktop:24px;\"}'  style=\"\">FESTA KIDS<\/h3><div class=\"icon_description_text ult-responsive\"  data-ultimate-target='#Info-list-wrap-4943 .icon_description_text'  data-responsive-json-new='{\"font-size\":\"desktop:13px;\",\"line-height\":\"desktop:18px;\"}'  style=\"\"><\/div><\/div><div class=\"icon_list_connector\" data-animation=\"fadeInUp\" data-animation-delay=\"03\" style=\"border-color:#0083c7;\"><\/div><a href=\"http:\/\/www.digitalmidiastudio.com.br\/site\/kids\/\" class=\"ulimate-info-list-link\"   ><\/a><\/li><li class=\"icon_list_item\" style=\" font-size:60px;\"><div class=\"icon_list_icon\" data-animation=\"\" data-animation-delay=\"03\" style=\"font-size:20px;border-width:1px;border-style:none;background:#eaeaea;color:#0083c7;border-color:#333333;\"><i class=\"Defaults-glass\" ><\/i><\/div><div class=\"icon_description\" id=\"Info-list-wrap-7659\" style=\"font-size:20px;\"><h3 class=\"ult-responsive\"  data-ultimate-target='#Info-list-wrap-7659 h3'  data-responsive-json-new='{\"font-size\":\"desktop:16px;\",\"line-height\":\"desktop:24px;\"}'  style=\"\">BODAS<\/h3><div class=\"icon_description_text ult-responsive\"  data-ultimate-target='#Info-list-wrap-7659 .icon_description_text'  data-responsive-json-new='{\"font-size\":\"desktop:13px;\",\"line-height\":\"desktop:18px;\"}'  style=\"\"><\/div><\/div><div class=\"icon_list_connector\" data-animation=\"fadeInUp\" data-animation-delay=\"03\" style=\"border-color:#0083c7;\"><\/div><a href=\"http:\/\/www.digitalmidiastudio.com.br\/site\/bodas\/\" class=\"ulimate-info-list-link\"   ><\/a><\/li><li class=\"icon_list_item\" style=\" font-size:60px;\"><div class=\"icon_list_icon\" data-animation=\"\" data-animation-delay=\"03\" style=\"font-size:20px;border-width:1px;border-style:none;background:#eaeaea;color:#0083c7;border-color:#333333;\"><i class=\"Defaults-building\" ><\/i><\/div><div class=\"icon_description\" id=\"Info-list-wrap-6337\" style=\"font-size:20px;\"><h3 class=\"ult-responsive\"  data-ultimate-target='#Info-list-wrap-6337 h3'  data-responsive-json-new='{\"font-size\":\"desktop:16px;\",\"line-height\":\"desktop:24px;\"}'  style=\"\">CORPORATIVO<\/h3><div class=\"icon_description_text ult-responsive\"  data-ultimate-target='#Info-list-wrap-6337 .icon_description_text'  data-responsive-json-new='{\"font-size\":\"desktop:13px;\",\"line-height\":\"desktop:18px;\"}'  style=\"\"><\/div><\/div><div class=\"icon_list_connector\" data-animation=\"fadeInUp\" data-animation-delay=\"03\" style=\"border-color:#0083c7;\"><\/div><a href=\"http:\/\/www.digitalmidiastudio.com.br\/site\/corporativo\/\" class=\"ulimate-info-list-link\"   ><\/a><\/li><\/ul><\/div>[vc_empty_space][vc_text_separator title=&#8221;NOT\u00cdCIAS&#8221; css_animation=&#8221;bounceInDown&#8221;][vc_empty_space height=&#8221;22px&#8221;]<div class=\"smile_icon_list_wrap ult-adjust-bottom-margin  \"><ul class=\"smile_icon_list left circle with_bg\"><li class=\"icon_list_item\" style=\" font-size:60px;\"><div class=\"icon_list_icon\" data-animation=\"\" data-animation-delay=\"03\" style=\"font-size:20px;border-width:1px;border-style:none;background:#eaeaea;color:#0083c7;border-color:#333333;\"><i class=\"Defaults-comment\" ><\/i><\/div><div class=\"icon_description\" id=\"Info-list-wrap-5081\" style=\"font-size:20px;\"><h3 class=\"ult-responsive\"  data-ultimate-target='#Info-list-wrap-5081 h3'  data-responsive-json-new='{\"font-size\":\"desktop:16px;\",\"line-height\":\"desktop:24px;\"}'  style=\"\">BLOG<\/h3><div class=\"icon_description_text ult-responsive\"  data-ultimate-target='#Info-list-wrap-5081 .icon_description_text'  data-responsive-json-new='{\"font-size\":\"desktop:13px;\",\"line-height\":\"desktop:18px;\"}'  style=\"\"><\/div><\/div><div class=\"icon_list_connector\" data-animation=\"fadeInUp\" data-animation-delay=\"03\" style=\"border-color:#0083c7;\"><\/div><a href=\"http:\/\/www.digitalmidiastudio.com.br\/site\/blog\/\" class=\"ulimate-info-list-link\"   ><\/a><\/li><\/ul><\/div>[\/vc_column][\/vc_row]<\/p>\n","protected":false},"excerpt":{"rendered":"<p>[vc_row][vc_column][vc_empty_space height=&#8221;42px&#8221;][\/vc_column][\/vc_row][vc_row][vc_column width=&#8221;2\/3&#8243;][vc_column_text]A Digital M\u00eddia Studio\u00ae, uma empresa cujos fundadores na \u00e9poca iniciaram suas atividades no ramo de eventos em 1977, em Jundia\u00ed (SP), passou por total restrutura\u00e7\u00e3o da marca em 2005, sendo carinhosamente conhecida como \u201cDigital\u201d. Atualmente possui estrutura s\u00f3lida, \u00e9 reconhecida inclusive em todo territ\u00f3rio nacional, j\u00e1 tendo atendido in\u00fameros clientes em diversos [&hellip;]<\/p>\n","protected":false},"author":1,"featured_media":0,"parent":0,"menu_order":0,"comment_status":"closed","ping_status":"closed","template":"","meta":{"_joinchat":[],"footnotes":""},"yst_prominent_words":[],"class_list":["post-1022","page","type-page","status-publish","hentry"],"_links":{"self":[{"href":"https:\/\/www.digitalmidiastudio.com.br\/site\/wp-json\/wp\/v2\/pages\/1022","targetHints":{"allow":["GET"]}}],"collection":[{"href":"https:\/\/www.digitalmidiastudio.com.br\/site\/wp-json\/wp\/v2\/pages"}],"about":[{"href":"https:\/\/www.digitalmidiastudio.com.br\/site\/wp-json\/wp\/v2\/types\/page"}],"author":[{"embeddable":true,"href":"https:\/\/www.digitalmidiastudio.com.br\/site\/wp-json\/wp\/v2\/users\/1"}],"replies":[{"embeddable":true,"href":"https:\/\/www.digitalmidiastudio.com.br\/site\/wp-json\/wp\/v2\/comments?post=1022"}],"version-history":[{"count":17,"href":"https:\/\/www.digitalmidiastudio.com.br\/site\/wp-json\/wp\/v2\/pages\/1022\/revisions"}],"predecessor-version":[{"id":2100,"href":"https:\/\/www.digitalmidiastudio.com.br\/site\/wp-json\/wp\/v2\/pages\/1022\/revisions\/2100"}],"wp:attachment":[{"href":"https:\/\/www.digitalmidiastudio.com.br\/site\/wp-json\/wp\/v2\/media?parent=1022"}],"wp:term":[{"taxonomy":"yst_prominent_words","embeddable":true,"href":"https:\/\/www.digitalmidiastudio.com.br\/site\/wp-json\/wp\/v2\/yst_prominent_words?post=1022"}],"curies":[{"name":"wp","href":"https:\/\/api.w.org\/{rel}","templated":true}]}}